{"id":954,"date":"2014-07-19T12:36:44","date_gmt":"2014-07-19T10:36:44","guid":{"rendered":"http:\/\/www.physioandrea.at\/?page_id=954"},"modified":"2022-02-26T09:11:57","modified_gmt":"2022-02-26T07:11:57","slug":"anfahrt-und-parken","status":"publish","type":"page","link":"https:\/\/www.physioandrea.at\/?page_id=954","title":{"rendered":"Anfahrt und Parken"},"content":{"rendered":"<p>von der Autobahn (A12) kommend:<\/p>\n<p>Fahren Sie bei Wattens aus und nehmen Sie im Kreisverkehr die erste Abzweigung rechts Richtung S\u00fcden. Nach etwa 50 Metern biegen Sie, nach dem \u00d6AMTC Geb\u00e4ude, wieder rechts in die Ritter-Waldauf Stra\u00dfe Richtung Westen ein. Nach etwa 200 Metern, vorbei am Hofer Lebensmittelgesch\u00e4ft auf der linken Seite, nehmen Sie die erste Abzweigung nach Rechts Richtung Norden. Folgen Sie dem Stra\u00dfenverlauf, nach etwa 500 Metern befindet sich das Installations- und Servicecenter der Firma Haim auf der rechten Stra\u00dfenseite. Dort im 1. Stock befindet sich meine Physiotherapie Praxis.<img decoding=\"async\" src=\"file:\/\/\/D:\/ANDREA\/Physio_Zeugs\/Praxis\/Homepage\/Anfahrtsplan.gif\" alt=\"\" \/><\/p>\n<p>Parkpl\u00e4tze stehen kostenfrei vor dem\u00a0Installations- und Servicecenter der Firma Haim zur Verf\u00fcgung.<\/p>\n","protected":false},"excerpt":{"rendered":"<p>von der Autobahn (A12) kommend: Fahren Sie bei Wattens aus und nehmen Sie im Kreisverkehr die erste Abzweigung rechts Richtung S\u00fcden. Nach etwa 50 Metern biegen Sie, nach dem \u00d6AMTC Geb\u00e4ude, wieder rechts in die Ritter-Waldauf Stra\u00dfe Richtung&#8230; <a class=\"read-more\" href=\"https:\/\/www.physioandrea.at\/?page_id=954\">Read More<\/a><\/p>\n","protected":false},"author":3,"featured_media":1151,"parent":0,"menu_order":0,"comment_status":"closed","ping_status":"open","template":"template-full.php","meta":[],"_links":{"self":[{"href":"https:\/\/www.physioandrea.at\/index.php?rest_route=\/wp\/v2\/pages\/954"}],"collection":[{"href":"https:\/\/www.physioandrea.at\/index.php?rest_route=\/wp\/v2\/pages"}],"about":[{"href":"https:\/\/www.physioandrea.at\/index.php?rest_route=\/wp\/v2\/types\/page"}],"author":[{"embeddable":true,"href":"https:\/\/www.physioandrea.at\/index.php?rest_route=\/wp\/v2\/users\/3"}],"replies":[{"embeddable":true,"href":"https:\/\/www.physioandrea.at\/index.php?rest_route=%2Fwp%2Fv2%2Fcomments&post=954"}],"version-history":[{"count":7,"href":"https:\/\/www.physioandrea.at\/index.php?rest_route=\/wp\/v2\/pages\/954\/revisions"}],"predecessor-version":[{"id":1488,"href":"https:\/\/www.physioandrea.at\/index.php?rest_route=\/wp\/v2\/pages\/954\/revisions\/1488"}],"wp:featuredmedia":[{"embeddable":true,"href":"https:\/\/www.physioandrea.at\/index.php?rest_route=\/wp\/v2\/media\/1151"}],"wp:attachment":[{"href":"https:\/\/www.physioandrea.at\/index.php?rest_route=%2Fwp%2Fv2%2Fmedia&parent=954"}],"curies":[{"name":"wp","href":"https:\/\/api.w.org\/{rel}","templated":true}]}}